{"id":1978,"date":"2021-09-07T14:34:53","date_gmt":"2021-09-07T14:34:53","guid":{"rendered":"https:\/\/estilogerardo.art\/product\/rey-de-corazones\/"},"modified":"2021-09-07T15:26:10","modified_gmt":"2021-09-07T15:26:10","slug":"rey-de-corazones","status":"publish","type":"product","link":"https:\/\/estilogerardo.art\/es\/producto\/rey-de-corazones\/","title":{"rendered":"Rey de Corazones y Reina de Corazones"},"content":{"rendered":"<p>Esta es una pintura a d\u00fao: el rey y la reina son inseparables y ahora van juntos como en una boda de cuento de hadas.<br \/>\nEl lienzo mide 70 x 100 cm y est\u00e1 pintado en pintura acr\u00edlica con pincel y rotuladores acr\u00edlicos especiales. El fondo est\u00e1 cubierto con pan de oro.<\/p>\n<p>Este cuadro hace falta comprar junto con Rey de Corazones por ser una pintura en d\u00fao.<\/p>\n","protected":false},"excerpt":{"rendered":"<p>Esta es una pintura a d\u00fao: el rey y la reina son inseparables y ahora van juntos como en una boda de cuento de hadas. El<\/p>\n","protected":false},"featured_media":1954,"comment_status":"open","ping_status":"closed","template":"","meta":{"_acf_changed":false},"product_brand":[],"product_cat":[684],"product_tag":[706,723,708],"class_list":{"0":"post-1978","1":"product","2":"type-product","3":"status-publish","4":"has-post-thumbnail","6":"product_cat-portraits-es","7":"product_tag-hartenkoning-es","8":"product_tag-rey-de-corazones","9":"product_tag-speelkaarten-es","11":"first","12":"instock","13":"taxable","14":"shipping-taxable","15":"purchasable","16":"product-type-simple"},"acf":[],"_links":{"self":[{"href":"https:\/\/estilogerardo.art\/es\/wp-json\/wp\/v2\/product\/1978","targetHints":{"allow":["GET"]}}],"collection":[{"href":"https:\/\/estilogerardo.art\/es\/wp-json\/wp\/v2\/product"}],"about":[{"href":"https:\/\/estilogerardo.art\/es\/wp-json\/wp\/v2\/types\/product"}],"replies":[{"embeddable":true,"href":"https:\/\/estilogerardo.art\/es\/wp-json\/wp\/v2\/comments?post=1978"}],"wp:featuredmedia":[{"embeddable":true,"href":"https:\/\/estilogerardo.art\/es\/wp-json\/wp\/v2\/media\/1954"}],"wp:attachment":[{"href":"https:\/\/estilogerardo.art\/es\/wp-json\/wp\/v2\/media?parent=1978"}],"wp:term":[{"taxonomy":"product_brand","embeddable":true,"href":"https:\/\/estilogerardo.art\/es\/wp-json\/wp\/v2\/product_brand?post=1978"},{"taxonomy":"product_cat","embeddable":true,"href":"https:\/\/estilogerardo.art\/es\/wp-json\/wp\/v2\/product_cat?post=1978"},{"taxonomy":"product_tag","embeddable":true,"href":"https:\/\/estilogerardo.art\/es\/wp-json\/wp\/v2\/product_tag?post=1978"}],"curies":[{"name":"wp","href":"https:\/\/api.w.org\/{rel}","templated":true}]}}